{"id":282,"date":"2025-04-04T16:15:57","date_gmt":"2025-04-04T14:15:57","guid":{"rendered":"https:\/\/fogs.ch\/de\/?page_id=282"},"modified":"2026-02-12T09:25:00","modified_gmt":"2026-02-12T08:25:00","slug":"veranstaltungen","status":"publish","type":"page","link":"https:\/\/fogs.ch\/de\/die-fogs\/veranstaltungen\/","title":{"rendered":"Veranstaltungen"},"content":{"rendered":"\n<p>Eine \u00dcbersicht \u00fcber zuk\u00fcnftige und vergangene Veranstaltungen der Fachoffiziersgesellschaft der Schweiz findest du in unserem <a href=\"https:\/\/nextcloud.fogs.ch\/index.php\/apps\/calendar\/p\/TdCYF6T6fnQNCbjB\" target=\"_blank\" rel=\"noreferrer noopener nofollow\">Kalender<\/a>. Bei Interesse kannst du diesen Kalender <a href=\"https:\/\/nextcloud.fogs.ch\/remote.php\/dav\/public-calendars\/TdCYF6T6fnQNCbjB?export\" target=\"_blank\" rel=\"noreferrer noopener nofollow\">abonnieren<\/a>.<\/p>\n","protected":false},"excerpt":{"rendered":"<p>Eine \u00dcbersicht \u00fcber zuk\u00fcnftige und vergangene Veranstaltungen der Fachoffiziersgesellschaft der Schweiz findest du in unserem Kalender. Bei Interesse kannst du diesen Kalender abonnieren.<\/p>\n","protected":false},"author":2,"featured_media":0,"parent":90,"menu_order":6,"comment_status":"closed","ping_status":"closed","template":"","meta":{"footnotes":""},"class_list":["post-282","page","type-page","status-publish","hentry"],"yoast_head":"<!-- This site is optimized with the Yoast SEO plugin v27.6 - https:\/\/yoast.com\/product\/yoast-seo-wordpress\/ -->\n<title>Veranstaltungen &#8211; FOGS<\/title>\n<meta name=\"description\" content=\"Zuk\u00fcnftige und vergangene Veranstaltungen der Fachoffiziersgesellschaft der Schweiz.\" \/>\n<meta name=\"robots\" content=\"index, follow, max-snippet:-1, max-image-preview:large, max-video-preview:-1\" \/>\n<link rel=\"canonical\" href=\"https:\/\/fogs.ch\/de\/die-fogs\/veranstaltungen\/\" \/>\n<meta property=\"og:locale\" content=\"de_DE\" \/>\n<meta property=\"og:type\" content=\"article\" \/>\n<meta property=\"og:title\" content=\"Veranstaltungen &#8211; FOGS\" \/>\n<meta property=\"og:description\" content=\"Zuk\u00fcnftige und vergangene Veranstaltungen der Fachoffiziersgesellschaft der Schweiz.\" \/>\n<meta property=\"og:url\" content=\"https:\/\/fogs.ch\/de\/die-fogs\/veranstaltungen\/\" \/>\n<meta property=\"og:site_name\" content=\"FOGS\" \/>\n<meta property=\"article:modified_time\" content=\"2026-02-12T08:25:00+00:00\" \/>\n<meta name=\"twitter:card\" content=\"summary_large_image\" \/>\n<meta name=\"twitter:label1\" content=\"Gesch\u00e4tzte Lesezeit\" \/>\n\t<meta name=\"twitter:data1\" content=\"1\u00a0Minute\" \/>\n<script type=\"application\/ld+json\" class=\"yoast-schema-graph\">{\"@context\":\"https:\\\/\\\/schema.org\",\"@graph\":[{\"@type\":\"WebPage\",\"@id\":\"https:\\\/\\\/fogs.ch\\\/de\\\/die-fogs\\\/veranstaltungen\\\/\",\"url\":\"https:\\\/\\\/fogs.ch\\\/de\\\/die-fogs\\\/veranstaltungen\\\/\",\"name\":\"Veranstaltungen &#8211; FOGS\",\"isPartOf\":{\"@id\":\"https:\\\/\\\/fogs.ch\\\/de\\\/#website\"},\"datePublished\":\"2025-04-04T14:15:57+00:00\",\"dateModified\":\"2026-02-12T08:25:00+00:00\",\"description\":\"Zuk\u00fcnftige und vergangene Veranstaltungen der Fachoffiziersgesellschaft der Schweiz.\",\"breadcrumb\":{\"@id\":\"https:\\\/\\\/fogs.ch\\\/de\\\/die-fogs\\\/veranstaltungen\\\/#breadcrumb\"},\"inLanguage\":\"de-CH\",\"potentialAction\":[{\"@type\":\"ReadAction\",\"target\":[\"https:\\\/\\\/fogs.ch\\\/de\\\/die-fogs\\\/veranstaltungen\\\/\"]}]},{\"@type\":\"BreadcrumbList\",\"@id\":\"https:\\\/\\\/fogs.ch\\\/de\\\/die-fogs\\\/veranstaltungen\\\/#breadcrumb\",\"itemListElement\":[{\"@type\":\"ListItem\",\"position\":1,\"name\":\"Startseite\",\"item\":\"https:\\\/\\\/fogs.ch\\\/de\\\/\"},{\"@type\":\"ListItem\",\"position\":2,\"name\":\"Die FOGS\",\"item\":\"https:\\\/\\\/fogs.ch\\\/de\\\/die-fogs\\\/\"},{\"@type\":\"ListItem\",\"position\":3,\"name\":\"Veranstaltungen\"}]},{\"@type\":\"WebSite\",\"@id\":\"https:\\\/\\\/fogs.ch\\\/de\\\/#website\",\"url\":\"https:\\\/\\\/fogs.ch\\\/de\\\/\",\"name\":\"Fachoffiziersgesellschaft der Schweiz\",\"description\":\"Fachoffiziersgesellschaft der Schweiz\",\"publisher\":{\"@id\":\"https:\\\/\\\/fogs.ch\\\/de\\\/#organization\"},\"alternateName\":\"FOGS\",\"potentialAction\":[{\"@type\":\"SearchAction\",\"target\":{\"@type\":\"EntryPoint\",\"urlTemplate\":\"https:\\\/\\\/fogs.ch\\\/de\\\/?s={search_term_string}\"},\"query-input\":{\"@type\":\"PropertyValueSpecification\",\"valueRequired\":true,\"valueName\":\"search_term_string\"}}],\"inLanguage\":\"de-CH\"},{\"@type\":\"Organization\",\"@id\":\"https:\\\/\\\/fogs.ch\\\/de\\\/#organization\",\"name\":\"Fachoffiziersgesellschaft der Schweiz\",\"alternateName\":\"FOGS\",\"url\":\"https:\\\/\\\/fogs.ch\\\/de\\\/\",\"logo\":{\"@type\":\"ImageObject\",\"inLanguage\":\"de-CH\",\"@id\":\"https:\\\/\\\/fogs.ch\\\/de\\\/#\\\/schema\\\/logo\\\/image\\\/\",\"url\":\"https:\\\/\\\/fogs.ch\\\/de\\\/wp-content\\\/uploads\\\/sites\\\/2\\\/2023\\\/12\\\/Favicon.png\",\"contentUrl\":\"https:\\\/\\\/fogs.ch\\\/de\\\/wp-content\\\/uploads\\\/sites\\\/2\\\/2023\\\/12\\\/Favicon.png\",\"width\":1440,\"height\":1440,\"caption\":\"Fachoffiziersgesellschaft der Schweiz\"},\"image\":{\"@id\":\"https:\\\/\\\/fogs.ch\\\/de\\\/#\\\/schema\\\/logo\\\/image\\\/\"},\"sameAs\":[\"https:\\\/\\\/www.linkedin.com\\\/company\\\/fachoffiziersgesellschaft-schweiz\\\/\"]}]}<\/script>\n<!-- \/ Yoast SEO plugin. -->","yoast_head_json":{"title":"Veranstaltungen &#8211; FOGS","description":"Zuk\u00fcnftige und vergangene Veranstaltungen der Fachoffiziersgesellschaft der Schweiz.","robots":{"index":"index","follow":"follow","max-snippet":"max-snippet:-1","max-image-preview":"max-image-preview:large","max-video-preview":"max-video-preview:-1"},"canonical":"https:\/\/fogs.ch\/de\/die-fogs\/veranstaltungen\/","og_locale":"de_DE","og_type":"article","og_title":"Veranstaltungen &#8211; FOGS","og_description":"Zuk\u00fcnftige und vergangene Veranstaltungen der Fachoffiziersgesellschaft der Schweiz.","og_url":"https:\/\/fogs.ch\/de\/die-fogs\/veranstaltungen\/","og_site_name":"FOGS","article_modified_time":"2026-02-12T08:25:00+00:00","twitter_card":"summary_large_image","twitter_misc":{"Gesch\u00e4tzte Lesezeit":"1\u00a0Minute"},"schema":{"@context":"https:\/\/schema.org","@graph":[{"@type":"WebPage","@id":"https:\/\/fogs.ch\/de\/die-fogs\/veranstaltungen\/","url":"https:\/\/fogs.ch\/de\/die-fogs\/veranstaltungen\/","name":"Veranstaltungen &#8211; FOGS","isPartOf":{"@id":"https:\/\/fogs.ch\/de\/#website"},"datePublished":"2025-04-04T14:15:57+00:00","dateModified":"2026-02-12T08:25:00+00:00","description":"Zuk\u00fcnftige und vergangene Veranstaltungen der Fachoffiziersgesellschaft der Schweiz.","breadcrumb":{"@id":"https:\/\/fogs.ch\/de\/die-fogs\/veranstaltungen\/#breadcrumb"},"inLanguage":"de-CH","potentialAction":[{"@type":"ReadAction","target":["https:\/\/fogs.ch\/de\/die-fogs\/veranstaltungen\/"]}]},{"@type":"BreadcrumbList","@id":"https:\/\/fogs.ch\/de\/die-fogs\/veranstaltungen\/#breadcrumb","itemListElement":[{"@type":"ListItem","position":1,"name":"Startseite","item":"https:\/\/fogs.ch\/de\/"},{"@type":"ListItem","position":2,"name":"Die FOGS","item":"https:\/\/fogs.ch\/de\/die-fogs\/"},{"@type":"ListItem","position":3,"name":"Veranstaltungen"}]},{"@type":"WebSite","@id":"https:\/\/fogs.ch\/de\/#website","url":"https:\/\/fogs.ch\/de\/","name":"Fachoffiziersgesellschaft der Schweiz","description":"Fachoffiziersgesellschaft der Schweiz","publisher":{"@id":"https:\/\/fogs.ch\/de\/#organization"},"alternateName":"FOGS","potentialAction":[{"@type":"SearchAction","target":{"@type":"EntryPoint","urlTemplate":"https:\/\/fogs.ch\/de\/?s={search_term_string}"},"query-input":{"@type":"PropertyValueSpecification","valueRequired":true,"valueName":"search_term_string"}}],"inLanguage":"de-CH"},{"@type":"Organization","@id":"https:\/\/fogs.ch\/de\/#organization","name":"Fachoffiziersgesellschaft der Schweiz","alternateName":"FOGS","url":"https:\/\/fogs.ch\/de\/","logo":{"@type":"ImageObject","inLanguage":"de-CH","@id":"https:\/\/fogs.ch\/de\/#\/schema\/logo\/image\/","url":"https:\/\/fogs.ch\/de\/wp-content\/uploads\/sites\/2\/2023\/12\/Favicon.png","contentUrl":"https:\/\/fogs.ch\/de\/wp-content\/uploads\/sites\/2\/2023\/12\/Favicon.png","width":1440,"height":1440,"caption":"Fachoffiziersgesellschaft der Schweiz"},"image":{"@id":"https:\/\/fogs.ch\/de\/#\/schema\/logo\/image\/"},"sameAs":["https:\/\/www.linkedin.com\/company\/fachoffiziersgesellschaft-schweiz\/"]}]}},"jetpack-related-posts":[],"jetpack_sharing_enabled":true,"_links":{"self":[{"href":"https:\/\/fogs.ch\/de\/wp-json\/wp\/v2\/pages\/282","targetHints":{"allow":["GET"]}}],"collection":[{"href":"https:\/\/fogs.ch\/de\/wp-json\/wp\/v2\/pages"}],"about":[{"href":"https:\/\/fogs.ch\/de\/wp-json\/wp\/v2\/types\/page"}],"author":[{"embeddable":true,"href":"https:\/\/fogs.ch\/de\/wp-json\/wp\/v2\/users\/2"}],"replies":[{"embeddable":true,"href":"https:\/\/fogs.ch\/de\/wp-json\/wp\/v2\/comments?post=282"}],"version-history":[{"count":8,"href":"https:\/\/fogs.ch\/de\/wp-json\/wp\/v2\/pages\/282\/revisions"}],"predecessor-version":[{"id":336,"href":"https:\/\/fogs.ch\/de\/wp-json\/wp\/v2\/pages\/282\/revisions\/336"}],"up":[{"embeddable":true,"href":"https:\/\/fogs.ch\/de\/wp-json\/wp\/v2\/pages\/90"}],"wp:attachment":[{"href":"https:\/\/fogs.ch\/de\/wp-json\/wp\/v2\/media?parent=282"}],"curies":[{"name":"wp","href":"https:\/\/api.w.org\/{rel}","templated":true}]}}