{"id":15,"date":"2023-09-20T12:46:52","date_gmt":"2023-09-20T10:46:52","guid":{"rendered":"https:\/\/fogs-ssos-ssus.ch\/deu\/?page_id=15"},"modified":"2026-02-12T09:24:52","modified_gmt":"2026-02-12T08:24:52","slug":"mitgliedschaft","status":"publish","type":"page","link":"https:\/\/fogs.ch\/de\/die-fogs\/mitgliedschaft\/","title":{"rendered":"Mitgliedschaft"},"content":{"rendered":"\n<p>Die Aktiv- bzw. die Passivmitgliedschaft bei der Fachoffiziersgesellschaft der Schweiz steht gem\u00e4ss <a href=\"https:\/\/fogs.ch\/de\/die-fogs\/zweck-und-statuten\/#mitgliedschaft\">Abschnitt 3 der Statuten der Fachoffiziersgesellschaft der Schweiz<\/a> allen gegenw\u00e4rtigen und ehemaligen Fachoffizieren der Schweizer Armee offen.<\/p>\n\n\n\n<p>Der Jahresbeitrag betr\u00e4gt CHF&nbsp;75.00 pro Jahr (zzgl. freiwilliges Abonnement der <a href=\"https:\/\/www.asmz.ch\/\" target=\"_blank\" rel=\"noreferrer noopener\">Allgemeinen Schweizerischen Milit\u00e4rzeitschrift<\/a>).<\/p>\n\n\n\n<div style=\"height:5vh\" aria-hidden=\"true\" class=\"wp-block-spacer\"><\/div>\n\n\n\n<div class=\"wp-block-columns alignwide is-layout-flex wp-container-core-columns-is-layout-9effc7d7 wp-block-columns-is-layout-flex\">\n<div class=\"wp-block-column is-style-abisko-minus-90-deg-column-content-desktop is-layout-flow wp-block-column-is-layout-flow\" style=\"flex-basis:25%\">\n<h2 class=\"wp-block-heading\">Vorteile<\/h2>\n<\/div>\n\n\n\n<div class=\"wp-block-column is-layout-flow wp-container-core-column-is-layout-0ab540ad wp-block-column-is-layout-flow\">\n<div class=\"wp-block-columns alignwide is-layout-flex wp-container-core-columns-is-layout-28f84493 wp-block-columns-is-layout-flex\">\n<div class=\"wp-block-column is-layout-flow wp-container-core-column-is-layout-f5bb311e wp-block-column-is-layout-flow\">\n<figure class=\"wp-block-image size-large\"><img loading=\"lazy\" decoding=\"async\" width=\"1024\" height=\"1024\" src=\"https:\/\/fogs.ch\/de\/wp-content\/uploads\/sites\/2\/2023\/12\/fontawesome-light-person-sign-1024in1440-square-1440x1440-red-on-transparent-1024x1024.png\" alt=\"Icon Interessenvertretung\" class=\"wp-image-131\" srcset=\"https:\/\/fogs.ch\/de\/wp-content\/uploads\/sites\/2\/2023\/12\/fontawesome-light-person-sign-1024in1440-square-1440x1440-red-on-transparent-1024x1024.png 1024w, https:\/\/fogs.ch\/de\/wp-content\/uploads\/sites\/2\/2023\/12\/fontawesome-light-person-sign-1024in1440-square-1440x1440-red-on-transparent-300x300.png 300w, https:\/\/fogs.ch\/de\/wp-content\/uploads\/sites\/2\/2023\/12\/fontawesome-light-person-sign-1024in1440-square-1440x1440-red-on-transparent-150x150.png 150w, https:\/\/fogs.ch\/de\/wp-content\/uploads\/sites\/2\/2023\/12\/fontawesome-light-person-sign-1024in1440-square-1440x1440-red-on-transparent-768x768.png 768w, https:\/\/fogs.ch\/de\/wp-content\/uploads\/sites\/2\/2023\/12\/fontawesome-light-person-sign-1024in1440-square-1440x1440-red-on-transparent.png 1440w\" sizes=\"auto, (max-width: 1024px) 100vw, 1024px\" \/><\/figure>\n\n\n\n<div class=\"wp-block-group has-global-padding is-content-justification-left is-layout-constrained wp-container-core-group-is-layout-e196ba4c wp-block-group-is-layout-constrained\">\n<div class=\"wp-block-group has-global-padding is-layout-constrained wp-container-core-group-is-layout-19e250f3 wp-block-group-is-layout-constrained\">\n<h3 class=\"wp-block-heading has-extra-large-font-size\"><strong>Interessenvertretung<\/strong><\/h3>\n\n\n\n<p>Mit deiner Mitgliedschaft bei der Fachoffiziersgesellschaft der Schweiz unterst\u00fctzt du die Interessensvertretung der Fachoffiziere der Schweizer Armee.<\/p>\n<\/div>\n<\/div>\n<\/div>\n\n\n\n<div class=\"wp-block-column is-layout-flow wp-container-core-column-is-layout-f5bb311e wp-block-column-is-layout-flow\">\n<figure class=\"wp-block-image size-large\"><img loading=\"lazy\" decoding=\"async\" width=\"1024\" height=\"1024\" src=\"https:\/\/fogs.ch\/de\/wp-content\/uploads\/sites\/2\/2023\/12\/fontawesome-light-graduation-cap-1024in1440-square-1440x1440-red-on-transparent-1024x1024.png\" alt=\"Icon Ausbildung\" class=\"wp-image-132\" srcset=\"https:\/\/fogs.ch\/de\/wp-content\/uploads\/sites\/2\/2023\/12\/fontawesome-light-graduation-cap-1024in1440-square-1440x1440-red-on-transparent-1024x1024.png 1024w, https:\/\/fogs.ch\/de\/wp-content\/uploads\/sites\/2\/2023\/12\/fontawesome-light-graduation-cap-1024in1440-square-1440x1440-red-on-transparent-300x300.png 300w, https:\/\/fogs.ch\/de\/wp-content\/uploads\/sites\/2\/2023\/12\/fontawesome-light-graduation-cap-1024in1440-square-1440x1440-red-on-transparent-150x150.png 150w, https:\/\/fogs.ch\/de\/wp-content\/uploads\/sites\/2\/2023\/12\/fontawesome-light-graduation-cap-1024in1440-square-1440x1440-red-on-transparent-768x768.png 768w, https:\/\/fogs.ch\/de\/wp-content\/uploads\/sites\/2\/2023\/12\/fontawesome-light-graduation-cap-1024in1440-square-1440x1440-red-on-transparent.png 1440w\" sizes=\"auto, (max-width: 1024px) 100vw, 1024px\" \/><\/figure>\n\n\n\n<div class=\"wp-block-group has-global-padding is-content-justification-left is-layout-constrained wp-container-core-group-is-layout-e196ba4c wp-block-group-is-layout-constrained\">\n<div class=\"wp-block-group has-global-padding is-layout-constrained wp-container-core-group-is-layout-19e250f3 wp-block-group-is-layout-constrained\">\n<h3 class=\"wp-block-heading has-extra-large-font-size\"><strong>Ausbildung<\/strong><\/h3>\n\n\n\n<p>Als Mitglied der Fachoffiziersgesellschaft der Schweiz profitierst du von ausserdienstlichen Fort- und Weiterbildungsm\u00f6glichkeiten zu milit\u00e4rischen und nicht-milit\u00e4rischen Themen.<\/p>\n<\/div>\n<\/div>\n<\/div>\n\n\n\n<div class=\"wp-block-column is-layout-flow wp-container-core-column-is-layout-f5bb311e wp-block-column-is-layout-flow\">\n<figure class=\"wp-block-image size-large\"><img loading=\"lazy\" decoding=\"async\" width=\"1024\" height=\"1024\" src=\"https:\/\/fogs.ch\/de\/wp-content\/uploads\/sites\/2\/2023\/12\/fontawesome-light-chart-network-1024in1440-square-1440x1440-red-on-transparent-1024x1024.png\" alt=\"Icon Netzwerk\" class=\"wp-image-133\" srcset=\"https:\/\/fogs.ch\/de\/wp-content\/uploads\/sites\/2\/2023\/12\/fontawesome-light-chart-network-1024in1440-square-1440x1440-red-on-transparent-1024x1024.png 1024w, https:\/\/fogs.ch\/de\/wp-content\/uploads\/sites\/2\/2023\/12\/fontawesome-light-chart-network-1024in1440-square-1440x1440-red-on-transparent-300x300.png 300w, https:\/\/fogs.ch\/de\/wp-content\/uploads\/sites\/2\/2023\/12\/fontawesome-light-chart-network-1024in1440-square-1440x1440-red-on-transparent-150x150.png 150w, https:\/\/fogs.ch\/de\/wp-content\/uploads\/sites\/2\/2023\/12\/fontawesome-light-chart-network-1024in1440-square-1440x1440-red-on-transparent-768x768.png 768w, https:\/\/fogs.ch\/de\/wp-content\/uploads\/sites\/2\/2023\/12\/fontawesome-light-chart-network-1024in1440-square-1440x1440-red-on-transparent.png 1440w\" sizes=\"auto, (max-width: 1024px) 100vw, 1024px\" \/><\/figure>\n\n\n\n<div class=\"wp-block-group has-global-padding is-content-justification-left is-layout-constrained wp-container-core-group-is-layout-e196ba4c wp-block-group-is-layout-constrained\">\n<div class=\"wp-block-group has-global-padding is-layout-constrained wp-container-core-group-is-layout-19e250f3 wp-block-group-is-layout-constrained\">\n<h3 class=\"wp-block-heading has-extra-large-font-size\"><strong>Netzwerk<\/strong><\/h3>\n\n\n\n<p>Mit einer Mitgliedschaft bei der Fachoffiziersgesellschaft der Schweiz bist du Teil eines Netzwerkes von Spezialisten, das dir in milit\u00e4rischen, beruflichen und privaten Belangen weiterhilft.<\/p>\n<\/div>\n<\/div>\n<\/div>\n<\/div>\n<\/div>\n<\/div>\n\n\n\n<div style=\"height:5vh\" aria-hidden=\"true\" class=\"wp-block-spacer\"><\/div>\n\n\n\n<div class=\"wp-block-columns alignwide is-layout-flex wp-container-core-columns-is-layout-9effc7d7 wp-block-columns-is-layout-flex\">\n<div class=\"wp-block-column is-style-abisko-minus-90-deg-column-content-desktop is-layout-flow wp-block-column-is-layout-flow\" style=\"flex-basis:25%\">\n<h2 class=\"wp-block-heading\">Gesuch<\/h2>\n<\/div>\n\n\n\n<div class=\"wp-block-column is-layout-flow wp-container-core-column-is-layout-0ab540ad wp-block-column-is-layout-flow\">\n<div class=\"wp-block-group has-global-padding is-content-justification-left is-layout-constrained wp-container-core-group-is-layout-389b00a3 wp-block-group-is-layout-constrained\">\n<p>Der Weg zur Mitgliedschaft in der Fachoffiziersgesellschaft der Schweiz umfasst drei Schritte:<\/p>\n\n\n\n<h3 class=\"wp-block-heading\">1. Schritt:<br>Antrag stellen<\/h3>\n\n\n\n<p>Zun\u00e4chst bitten wir dich via unten verlinktem Formular um die Beantwortung einiger Fragen zur Mitgliedschaft in der Fachoffiziersgesellschaft der Schweiz (hierf\u00fcr ben\u00f6tigst du dein Dienstb\u00fcchlein); zudem nehmen wir deine Personalien auf, die wir f\u00fcr die Kommunikation mit unseren Mitgliedern ben\u00f6tigen. Mit der Angabe deiner Personalien willigst du zudem ein, dass diese Angaben durch die Fachoffiziersgesellschaft der Schweiz f\u00fcr Vereinszwecke genutzt werden d\u00fcrfen.<\/p>\n\n\n\n<h3 class=\"wp-block-heading\">2. Schritt:<br>Scan einreichen<\/h3>\n\n\n\n<p>Im Anschluss bitten wir dich, der zust\u00e4ndigen Stelle einen Scan, ein Foto oder eine Kopie der Seite des Dienstb\u00fcchleins einzureichen, auf welcher deine Ernennung zum Fachoffizier ersichtlich ist, damit wir sichergehen k\u00f6nnen, dass du als Fachoffizier ernannt bist oder warst.<\/p>\n\n\n\n<h3 class=\"wp-block-heading\">3. Schritt:<br>Entscheid abwarten<\/h3>\n\n\n\n<p>\u00dcber die Aufnahme als Aktiv- oder Passivmitglied der Fachoffiziersgesellschaft der Schweiz entscheidet der Vorstand endg\u00fcltig (vgl. Statuten der Fachoffiziersgesellschaft der Schweiz, <a href=\"https:\/\/fogs.ch\/de\/die-fogs\/zweck-und-statuten\/#aufnahme-aktivmitgliedschaft\">Abschnitt 3.2.3<\/a> bzw. <a href=\"https:\/\/fogs.ch\/de\/die-fogs\/zweck-und-statuten\/#aufnahme-passivmitgliedschaft\">3.3.3<\/a>). Der Vorstand wird sich via E-Mail mit dir in Verbindung setzen und dich \u00fcber seinen Entscheid informieren.<\/p>\n\n\n\n<div class=\"wp-block-buttons is-content-justification-center is-layout-flex wp-container-core-buttons-is-layout-a89b3969 wp-block-buttons-is-layout-flex\">\n<div class=\"wp-block-button\"><a class=\"wp-block-button__link wp-element-button\" href=\"https:\/\/fogs.clubdesk.com\/home\/anmeldung\" target=\"_blank\" rel=\"noreferrer noopener nofollow\">Gesuch stellen (via ClubDesk)<\/a><\/div>\n<\/div>\n<\/div>\n<\/div>\n<\/div>\n","protected":false},"excerpt":{"rendered":"<p>Die Aktiv- bzw. die Passivmitgliedschaft bei der Fachoffiziersgesellschaft der Schweiz steht gem\u00e4ss Abschnitt 3 der Statuten der Fachoffiziersgesellschaft der Schweiz allen gegenw\u00e4rtigen und ehemaligen Fachoffizieren der Schweizer Armee offen. Der Jahresbeitrag betr\u00e4gt CHF&nbsp;75.00 pro Jahr (zzgl. freiwilliges Abonnement der Allgemeinen Schweizerischen Milit\u00e4rzeitschrift). Vorteile Interessenvertretung Mit deiner Mitgliedschaft bei der Fachoffiziersgesellschaft der Schweiz unterst\u00fctzt du die [&hellip;]<\/p>\n","protected":false},"author":2,"featured_media":0,"parent":90,"menu_order":5,"comment_status":"closed","ping_status":"closed","template":"","meta":{"footnotes":""},"class_list":["post-15","page","type-page","status-publish","hentry"],"yoast_head":"<!-- This site is optimized with the Yoast SEO plugin v27.6 - https:\/\/yoast.com\/product\/yoast-seo-wordpress\/ -->\n<title>Mitgliedschaft &#8211; FOGS<\/title>\n<meta name=\"description\" content=\"Vorteile einer Mitgliedschaft bei der Fachoffiziersgesellschaft der Schweiz.\" \/>\n<meta name=\"robots\" content=\"index, follow, max-snippet:-1, max-image-preview:large, max-video-preview:-1\" \/>\n<link rel=\"canonical\" href=\"https:\/\/fogs.ch\/de\/die-fogs\/mitgliedschaft\/\" \/>\n<meta property=\"og:locale\" content=\"de_DE\" \/>\n<meta property=\"og:type\" content=\"article\" \/>\n<meta property=\"og:title\" content=\"Mitgliedschaft &#8211; FOGS\" \/>\n<meta property=\"og:description\" content=\"Vorteile einer Mitgliedschaft bei der Fachoffiziersgesellschaft der Schweiz.\" \/>\n<meta property=\"og:url\" content=\"https:\/\/fogs.ch\/de\/die-fogs\/mitgliedschaft\/\" \/>\n<meta property=\"og:site_name\" content=\"FOGS\" \/>\n<meta property=\"article:modified_time\" content=\"2026-02-12T08:24:52+00:00\" \/>\n<meta property=\"og:image\" content=\"https:\/\/fogs.ch\/de\/wp-content\/uploads\/sites\/2\/2023\/12\/fontawesome-light-person-sign-1024in1440-square-1440x1440-red-on-transparent.png\" \/>\n\t<meta property=\"og:image:width\" content=\"1440\" \/>\n\t<meta property=\"og:image:height\" content=\"1440\" \/>\n\t<meta property=\"og:image:type\" content=\"image\/png\" \/>\n<meta name=\"twitter:card\" content=\"summary_large_image\" \/>\n<meta name=\"twitter:label1\" content=\"Gesch\u00e4tzte Lesezeit\" \/>\n\t<meta name=\"twitter:data1\" content=\"3\u00a0Minuten\" \/>\n<script type=\"application\/ld+json\" class=\"yoast-schema-graph\">{\"@context\":\"https:\\\/\\\/schema.org\",\"@graph\":[{\"@type\":\"WebPage\",\"@id\":\"https:\\\/\\\/fogs.ch\\\/de\\\/die-fogs\\\/mitgliedschaft\\\/\",\"url\":\"https:\\\/\\\/fogs.ch\\\/de\\\/die-fogs\\\/mitgliedschaft\\\/\",\"name\":\"Mitgliedschaft &#8211; FOGS\",\"isPartOf\":{\"@id\":\"https:\\\/\\\/fogs.ch\\\/de\\\/#website\"},\"primaryImageOfPage\":{\"@id\":\"https:\\\/\\\/fogs.ch\\\/de\\\/die-fogs\\\/mitgliedschaft\\\/#primaryimage\"},\"image\":{\"@id\":\"https:\\\/\\\/fogs.ch\\\/de\\\/die-fogs\\\/mitgliedschaft\\\/#primaryimage\"},\"thumbnailUrl\":\"https:\\\/\\\/fogs.ch\\\/de\\\/wp-content\\\/uploads\\\/sites\\\/2\\\/2023\\\/12\\\/fontawesome-light-person-sign-1024in1440-square-1440x1440-red-on-transparent-1024x1024.png\",\"datePublished\":\"2023-09-20T10:46:52+00:00\",\"dateModified\":\"2026-02-12T08:24:52+00:00\",\"description\":\"Vorteile einer Mitgliedschaft bei der Fachoffiziersgesellschaft der Schweiz.\",\"breadcrumb\":{\"@id\":\"https:\\\/\\\/fogs.ch\\\/de\\\/die-fogs\\\/mitgliedschaft\\\/#breadcrumb\"},\"inLanguage\":\"de-CH\",\"potentialAction\":[{\"@type\":\"ReadAction\",\"target\":[\"https:\\\/\\\/fogs.ch\\\/de\\\/die-fogs\\\/mitgliedschaft\\\/\"]}]},{\"@type\":\"ImageObject\",\"inLanguage\":\"de-CH\",\"@id\":\"https:\\\/\\\/fogs.ch\\\/de\\\/die-fogs\\\/mitgliedschaft\\\/#primaryimage\",\"url\":\"https:\\\/\\\/fogs.ch\\\/de\\\/wp-content\\\/uploads\\\/sites\\\/2\\\/2023\\\/12\\\/fontawesome-light-person-sign-1024in1440-square-1440x1440-red-on-transparent.png\",\"contentUrl\":\"https:\\\/\\\/fogs.ch\\\/de\\\/wp-content\\\/uploads\\\/sites\\\/2\\\/2023\\\/12\\\/fontawesome-light-person-sign-1024in1440-square-1440x1440-red-on-transparent.png\",\"width\":1440,\"height\":1440,\"caption\":\"Icon Interessenvertretung\"},{\"@type\":\"BreadcrumbList\",\"@id\":\"https:\\\/\\\/fogs.ch\\\/de\\\/die-fogs\\\/mitgliedschaft\\\/#breadcrumb\",\"itemListElement\":[{\"@type\":\"ListItem\",\"position\":1,\"name\":\"Startseite\",\"item\":\"https:\\\/\\\/fogs.ch\\\/de\\\/\"},{\"@type\":\"ListItem\",\"position\":2,\"name\":\"Die FOGS\",\"item\":\"https:\\\/\\\/fogs.ch\\\/de\\\/die-fogs\\\/\"},{\"@type\":\"ListItem\",\"position\":3,\"name\":\"Mitgliedschaft\"}]},{\"@type\":\"WebSite\",\"@id\":\"https:\\\/\\\/fogs.ch\\\/de\\\/#website\",\"url\":\"https:\\\/\\\/fogs.ch\\\/de\\\/\",\"name\":\"Fachoffiziersgesellschaft der Schweiz\",\"description\":\"Fachoffiziersgesellschaft der Schweiz\",\"publisher\":{\"@id\":\"https:\\\/\\\/fogs.ch\\\/de\\\/#organization\"},\"alternateName\":\"FOGS\",\"potentialAction\":[{\"@type\":\"SearchAction\",\"target\":{\"@type\":\"EntryPoint\",\"urlTemplate\":\"https:\\\/\\\/fogs.ch\\\/de\\\/?s={search_term_string}\"},\"query-input\":{\"@type\":\"PropertyValueSpecification\",\"valueRequired\":true,\"valueName\":\"search_term_string\"}}],\"inLanguage\":\"de-CH\"},{\"@type\":\"Organization\",\"@id\":\"https:\\\/\\\/fogs.ch\\\/de\\\/#organization\",\"name\":\"Fachoffiziersgesellschaft der Schweiz\",\"alternateName\":\"FOGS\",\"url\":\"https:\\\/\\\/fogs.ch\\\/de\\\/\",\"logo\":{\"@type\":\"ImageObject\",\"inLanguage\":\"de-CH\",\"@id\":\"https:\\\/\\\/fogs.ch\\\/de\\\/#\\\/schema\\\/logo\\\/image\\\/\",\"url\":\"https:\\\/\\\/fogs.ch\\\/de\\\/wp-content\\\/uploads\\\/sites\\\/2\\\/2023\\\/12\\\/Favicon.png\",\"contentUrl\":\"https:\\\/\\\/fogs.ch\\\/de\\\/wp-content\\\/uploads\\\/sites\\\/2\\\/2023\\\/12\\\/Favicon.png\",\"width\":1440,\"height\":1440,\"caption\":\"Fachoffiziersgesellschaft der Schweiz\"},\"image\":{\"@id\":\"https:\\\/\\\/fogs.ch\\\/de\\\/#\\\/schema\\\/logo\\\/image\\\/\"},\"sameAs\":[\"https:\\\/\\\/www.linkedin.com\\\/company\\\/fachoffiziersgesellschaft-schweiz\\\/\"]}]}<\/script>\n<!-- \/ Yoast SEO plugin. -->","yoast_head_json":{"title":"Mitgliedschaft &#8211; FOGS","description":"Vorteile einer Mitgliedschaft bei der Fachoffiziersgesellschaft der Schweiz.","robots":{"index":"index","follow":"follow","max-snippet":"max-snippet:-1","max-image-preview":"max-image-preview:large","max-video-preview":"max-video-preview:-1"},"canonical":"https:\/\/fogs.ch\/de\/die-fogs\/mitgliedschaft\/","og_locale":"de_DE","og_type":"article","og_title":"Mitgliedschaft &#8211; FOGS","og_description":"Vorteile einer Mitgliedschaft bei der Fachoffiziersgesellschaft der Schweiz.","og_url":"https:\/\/fogs.ch\/de\/die-fogs\/mitgliedschaft\/","og_site_name":"FOGS","article_modified_time":"2026-02-12T08:24:52+00:00","og_image":[{"width":1440,"height":1440,"url":"https:\/\/fogs.ch\/de\/wp-content\/uploads\/sites\/2\/2023\/12\/fontawesome-light-person-sign-1024in1440-square-1440x1440-red-on-transparent.png","type":"image\/png"}],"twitter_card":"summary_large_image","twitter_misc":{"Gesch\u00e4tzte Lesezeit":"3\u00a0Minuten"},"schema":{"@context":"https:\/\/schema.org","@graph":[{"@type":"WebPage","@id":"https:\/\/fogs.ch\/de\/die-fogs\/mitgliedschaft\/","url":"https:\/\/fogs.ch\/de\/die-fogs\/mitgliedschaft\/","name":"Mitgliedschaft &#8211; FOGS","isPartOf":{"@id":"https:\/\/fogs.ch\/de\/#website"},"primaryImageOfPage":{"@id":"https:\/\/fogs.ch\/de\/die-fogs\/mitgliedschaft\/#primaryimage"},"image":{"@id":"https:\/\/fogs.ch\/de\/die-fogs\/mitgliedschaft\/#primaryimage"},"thumbnailUrl":"https:\/\/fogs.ch\/de\/wp-content\/uploads\/sites\/2\/2023\/12\/fontawesome-light-person-sign-1024in1440-square-1440x1440-red-on-transparent-1024x1024.png","datePublished":"2023-09-20T10:46:52+00:00","dateModified":"2026-02-12T08:24:52+00:00","description":"Vorteile einer Mitgliedschaft bei der Fachoffiziersgesellschaft der Schweiz.","breadcrumb":{"@id":"https:\/\/fogs.ch\/de\/die-fogs\/mitgliedschaft\/#breadcrumb"},"inLanguage":"de-CH","potentialAction":[{"@type":"ReadAction","target":["https:\/\/fogs.ch\/de\/die-fogs\/mitgliedschaft\/"]}]},{"@type":"ImageObject","inLanguage":"de-CH","@id":"https:\/\/fogs.ch\/de\/die-fogs\/mitgliedschaft\/#primaryimage","url":"https:\/\/fogs.ch\/de\/wp-content\/uploads\/sites\/2\/2023\/12\/fontawesome-light-person-sign-1024in1440-square-1440x1440-red-on-transparent.png","contentUrl":"https:\/\/fogs.ch\/de\/wp-content\/uploads\/sites\/2\/2023\/12\/fontawesome-light-person-sign-1024in1440-square-1440x1440-red-on-transparent.png","width":1440,"height":1440,"caption":"Icon Interessenvertretung"},{"@type":"BreadcrumbList","@id":"https:\/\/fogs.ch\/de\/die-fogs\/mitgliedschaft\/#breadcrumb","itemListElement":[{"@type":"ListItem","position":1,"name":"Startseite","item":"https:\/\/fogs.ch\/de\/"},{"@type":"ListItem","position":2,"name":"Die FOGS","item":"https:\/\/fogs.ch\/de\/die-fogs\/"},{"@type":"ListItem","position":3,"name":"Mitgliedschaft"}]},{"@type":"WebSite","@id":"https:\/\/fogs.ch\/de\/#website","url":"https:\/\/fogs.ch\/de\/","name":"Fachoffiziersgesellschaft der Schweiz","description":"Fachoffiziersgesellschaft der Schweiz","publisher":{"@id":"https:\/\/fogs.ch\/de\/#organization"},"alternateName":"FOGS","potentialAction":[{"@type":"SearchAction","target":{"@type":"EntryPoint","urlTemplate":"https:\/\/fogs.ch\/de\/?s={search_term_string}"},"query-input":{"@type":"PropertyValueSpecification","valueRequired":true,"valueName":"search_term_string"}}],"inLanguage":"de-CH"},{"@type":"Organization","@id":"https:\/\/fogs.ch\/de\/#organization","name":"Fachoffiziersgesellschaft der Schweiz","alternateName":"FOGS","url":"https:\/\/fogs.ch\/de\/","logo":{"@type":"ImageObject","inLanguage":"de-CH","@id":"https:\/\/fogs.ch\/de\/#\/schema\/logo\/image\/","url":"https:\/\/fogs.ch\/de\/wp-content\/uploads\/sites\/2\/2023\/12\/Favicon.png","contentUrl":"https:\/\/fogs.ch\/de\/wp-content\/uploads\/sites\/2\/2023\/12\/Favicon.png","width":1440,"height":1440,"caption":"Fachoffiziersgesellschaft der Schweiz"},"image":{"@id":"https:\/\/fogs.ch\/de\/#\/schema\/logo\/image\/"},"sameAs":["https:\/\/www.linkedin.com\/company\/fachoffiziersgesellschaft-schweiz\/"]}]}},"jetpack-related-posts":[],"jetpack_sharing_enabled":true,"_links":{"self":[{"href":"https:\/\/fogs.ch\/de\/wp-json\/wp\/v2\/pages\/15","targetHints":{"allow":["GET"]}}],"collection":[{"href":"https:\/\/fogs.ch\/de\/wp-json\/wp\/v2\/pages"}],"about":[{"href":"https:\/\/fogs.ch\/de\/wp-json\/wp\/v2\/types\/page"}],"author":[{"embeddable":true,"href":"https:\/\/fogs.ch\/de\/wp-json\/wp\/v2\/users\/2"}],"replies":[{"embeddable":true,"href":"https:\/\/fogs.ch\/de\/wp-json\/wp\/v2\/comments?post=15"}],"version-history":[{"count":13,"href":"https:\/\/fogs.ch\/de\/wp-json\/wp\/v2\/pages\/15\/revisions"}],"predecessor-version":[{"id":335,"href":"https:\/\/fogs.ch\/de\/wp-json\/wp\/v2\/pages\/15\/revisions\/335"}],"up":[{"embeddable":true,"href":"https:\/\/fogs.ch\/de\/wp-json\/wp\/v2\/pages\/90"}],"wp:attachment":[{"href":"https:\/\/fogs.ch\/de\/wp-json\/wp\/v2\/media?parent=15"}],"curies":[{"name":"wp","href":"https:\/\/api.w.org\/{rel}","templated":true}]}}